{"id":19,"date":"2022-02-24T11:23:05","date_gmt":"2022-02-24T10:23:05","guid":{"rendered":"https:\/\/advantec.pro\/?page_id=19"},"modified":"2024-11-15T12:58:24","modified_gmt":"2024-11-15T11:58:24","slug":"kariera-w-firmie-advantec-pro","status":"publish","type":"page","link":"https:\/\/advantec.pro\/pl\/kariera-w-firmie-advantec-pro\/","title":{"rendered":"Kariera"},"content":{"rendered":"\t\t<div data-elementor-type=\"wp-page\" data-elementor-id=\"19\" class=\"elementor elementor-19\" data-elementor-post-type=\"page\">\n\t\t\t\t\t\t<section class=\"elementor-section elementor-top-section elementor-element elementor-element-664bb5c1 elementor-section-full_width elementor-section-height-default elementor-section-height-default\" data-id=\"664bb5c1\" data-element_type=\"section\" data-e-type=\"section\" data-settings=\"{&quot;background_background&quot;:&quot;classic&quot;,&quot;ekit_has_onepagescroll_dot&quot;:&quot;yes&quot;}\">\n\t\t\t\t\t\t\t<div class=\"elementor-background-overlay\"><\/div>\n\t\t\t\t\t\t\t<div class=\"elementor-container elementor-column-gap-no\">\n\t\t\t\t\t<div class=\"elementor-column elementor-col-100 elementor-top-column elementor-element elementor-element-c41f721\" data-id=\"c41f721\" data-element_type=\"column\" data-e-type=\"column\">\n\t\t\t<div class=\"elementor-widget-wrap elementor-element-populated\">\n\t\t\t\t\t\t<div class=\"elementor-element elementor-element-606cecd4 elementor-widget elementor-widget-heading\" data-id=\"606cecd4\" data-element_type=\"widget\" data-e-type=\"widget\" data-settings=\"{&quot;ekit_we_effect_on&quot;:&quot;none&quot;}\" data-widget_type=\"heading.default\">\n\t\t\t\t<div class=\"elementor-widget-container\">\n\t\t\t\t\t<span class=\"elementor-heading-title elementor-size-default\">Kariera<\/span>\t\t\t\t<\/div>\n\t\t\t\t<\/div>\n\t\t\t\t\t<\/div>\n\t\t<\/div>\n\t\t\t\t\t<\/div>\n\t\t<\/section>\n\t\t\t\t<section class=\"elementor-section elementor-top-section elementor-element elementor-element-f6940f3 elementor-section-boxed elementor-section-height-default elementor-section-height-default\" data-id=\"f6940f3\" data-element_type=\"section\" data-e-type=\"section\" data-settings=\"{&quot;ekit_has_onepagescroll_dot&quot;:&quot;yes&quot;}\">\n\t\t\t\t\t\t<div class=\"elementor-container elementor-column-gap-default\">\n\t\t\t\t\t<div class=\"elementor-column elementor-col-100 elementor-top-column elementor-element elementor-element-944e8e6\" data-id=\"944e8e6\" data-element_type=\"column\" data-e-type=\"column\">\n\t\t\t<div class=\"elementor-widget-wrap elementor-element-populated\">\n\t\t\t\t\t\t<div class=\"elementor-element elementor-element-1f20e99a elementor-widget elementor-widget-heading\" data-id=\"1f20e99a\" data-element_type=\"widget\" data-e-type=\"widget\" data-settings=\"{&quot;ekit_we_effect_on&quot;:&quot;none&quot;}\" data-widget_type=\"heading.default\">\n\t\t\t\t<div class=\"elementor-widget-container\">\n\t\t\t\t\t<h1 class=\"elementor-heading-title elementor-size-default\">Oferty pracy<\/h1>\t\t\t\t<\/div>\n\t\t\t\t<\/div>\n\t\t\t\t<div class=\"elementor-element elementor-element-48ac0744 elementor-widget__width-auto elementor-widget-divider--view-line elementor-widget elementor-widget-divider\" data-id=\"48ac0744\" data-element_type=\"widget\" data-e-type=\"widget\" data-settings=\"{&quot;ekit_we_effect_on&quot;:&quot;none&quot;}\" data-widget_type=\"divider.default\">\n\t\t\t\t<div class=\"elementor-widget-container\">\n\t\t\t\t\t\t\t<div class=\"elementor-divider\">\n\t\t\t<span class=\"elementor-divider-separator\">\n\t\t\t\t\t\t<\/span>\n\t\t<\/div>\n\t\t\t\t\t\t<\/div>\n\t\t\t\t<\/div>\n\t\t\t\t<div class=\"elementor-element elementor-element-74458cf5 elementor-widget__width-auto elementor-widget-divider--view-line elementor-widget elementor-widget-divider\" data-id=\"74458cf5\" data-element_type=\"widget\" data-e-type=\"widget\" data-settings=\"{&quot;ekit_we_effect_on&quot;:&quot;none&quot;}\" data-widget_type=\"divider.default\">\n\t\t\t\t<div class=\"elementor-widget-container\">\n\t\t\t\t\t\t\t<div class=\"elementor-divider\">\n\t\t\t<span class=\"elementor-divider-separator\">\n\t\t\t\t\t\t<\/span>\n\t\t<\/div>\n\t\t\t\t\t\t<\/div>\n\t\t\t\t<\/div>\n\t\t\t\t\t<\/div>\n\t\t<\/div>\n\t\t\t\t\t<\/div>\n\t\t<\/section>\n\t\t\t\t<section class=\"elementor-section elementor-top-section elementor-element elementor-element-71856a81 elementor-section-boxed elementor-section-height-default elementor-section-height-default\" data-id=\"71856a81\" data-element_type=\"section\" data-e-type=\"section\" data-settings=\"{&quot;ekit_has_onepagescroll_dot&quot;:&quot;yes&quot;}\">\n\t\t\t\t\t\t<div class=\"elementor-container elementor-column-gap-default\">\n\t\t\t\t\t<div class=\"elementor-column elementor-col-100 elementor-top-column elementor-element elementor-element-5ed7df4e\" data-id=\"5ed7df4e\" data-element_type=\"column\" data-e-type=\"column\">\n\t\t\t<div class=\"elementor-widget-wrap elementor-element-populated\">\n\t\t\t\t\t\t<div class=\"elementor-element elementor-element-653758c0 elementor-widget elementor-widget-text-editor\" data-id=\"653758c0\" data-element_type=\"widget\" data-e-type=\"widget\" data-settings=\"{&quot;ekit_we_effect_on&quot;:&quot;none&quot;}\" data-widget_type=\"text-editor.default\">\n\t\t\t\t<div class=\"elementor-widget-container\">\n\t\t\t\t\t\t\t\t\t<p>W zwi\u0105zku z ci\u0105g\u0142ym rozwojem poszukujemy kandydat\u00f3w na stanowiska:<\/p>\t\t\t\t\t\t\t\t<\/div>\n\t\t\t\t<\/div>\n\t\t\t\t<div class=\"elementor-element elementor-element-6a4b7eef elementor-widget elementor-widget-accordion\" data-id=\"6a4b7eef\" data-element_type=\"widget\" data-e-type=\"widget\" data-settings=\"{&quot;ekit_we_effect_on&quot;:&quot;none&quot;}\" data-widget_type=\"accordion.default\">\n\t\t\t\t<div class=\"elementor-widget-container\">\n\t\t\t\t\t\t\t<div class=\"elementor-accordion\">\n\t\t\t\t\t\t\t<div class=\"elementor-accordion-item\">\n\t\t\t\t\t<div id=\"elementor-tab-title-1781\" class=\"elementor-tab-title\" data-tab=\"1\" role=\"button\" aria-controls=\"elementor-tab-content-1781\" aria-expanded=\"false\">\n\t\t\t\t\t\t\t\t\t\t\t\t\t<span class=\"elementor-accordion-icon elementor-accordion-icon-right\" aria-hidden=\"true\">\n\t\t\t\t\t\t\t\t\t\t\t\t\t\t\t<span class=\"elementor-accordion-icon-closed\"><i class=\"fas fa-angle-down\"><\/i><\/span>\n\t\t\t\t\t\t\t\t<span class=\"elementor-accordion-icon-opened\"><i class=\"fas fa-angle-up\"><\/i><\/span>\n\t\t\t\t\t\t\t\t\t\t\t\t\t\t<\/span>\n\t\t\t\t\t\t\t\t\t\t\t\t<a class=\"elementor-accordion-title\" tabindex=\"0\">In\u017cynier automatyk<\/a>\n\t\t\t\t\t<\/div>\n\t\t\t\t\t<div id=\"elementor-tab-content-1781\" class=\"elementor-tab-content elementor-clearfix\" data-tab=\"1\" role=\"region\" aria-labelledby=\"elementor-tab-title-1781\"><p><strong>Opis stanowiska:<\/strong><\/p><ul><li>Prace projektowe obejmuj\u0105ce:<ul><li>Opracowywanie koncepcji system\u00f3w sterowania<\/li><li>Dob\u00f3r programistycznych i sprz\u0119towych rozwi\u0105za\u0144 technicznych<\/li><li>Tworzenie dokumentacji<\/li><\/ul><\/li><li>Nadz\u00f3r nad realizacj\u0105 zada\u0144 projektowych, wdro\u017ceniowych i uruchomieniowych<\/li><li>Programowanie sterownik\u00f3w PLC, paneli HMI oraz system\u00f3w SCADA<\/li><\/ul><p><strong>Oczekiwania:<\/strong><\/p><ul><li>Wykszta\u0142cenie wy\u017csze techniczne (automatyka, mechatronika, informatyka, robotyka, elektrotechnika)<\/li><li>Minimum 3-letnie do\u015bwiadczenie w pracy na podobnym stanowisku<\/li><li>Znajomo\u015b\u0107 uk\u0142ad\u00f3w sterowania<\/li><li>Umiej\u0119tno\u015b\u0107 czytania schemat\u00f3w elektrycznych<\/li><li>Umiej\u0119tno\u015b\u0107 pracy w zespole<\/li><li>Znajomo\u015b\u0107 j\u0119zyka angielskiego<\/li><li>Zaanga\u017cowanie, dyspozycyjno\u015b\u0107, otwarto\u015b\u0107 na nowo\u015bci techniczne<\/li><li>Prawo jazdy kat.B<\/li><\/ul><p><strong>Mile widziana:<\/strong><\/p><ul><li>Znajomo\u015b\u0107 system\u00f3w sterowania Siemens, Allen Bradley, Mitsubishi, Omron<\/li><li>Znajomo\u015b\u0107 platform SCADA Wonderware lub WinCC<\/li><li>Znajomo\u015b\u0107 standard\u00f3w i protoko\u0142\u00f3w sieci przemys\u0142owych<\/li><li>Znajomo\u015b\u0107 standard\u00f3w i rozwi\u0105za\u0144 dotycz\u0105cych techniki nap\u0119dowej (falowniki, serwonap\u0119dy)<\/li><li>Umiej\u0119tno\u015b\u0107 pracy w oprogramowaniu ePlan P8<\/li><li>Uprawnienia SEP G1 w zakresie E\/D do 1kV<\/li><\/ul><p><strong>Oferujemy:<\/strong><\/p><ul><li>Stabilne zatrudnienie w firmie o ugruntowanej pozycji na rynku<\/li><li>Przyjazn\u0105 atmosfer\u0119<\/li><li>Elastyczny system pracy dostosowany do indywidualnych potrzeb<\/li><li>Atrakcyjne wynagrodzenie z motywacyjnym systemem premiowania<\/li><li>Udzia\u0142 w profesjonalnych szkoleniach bran\u017cowych<\/li><li>Dost\u0119p do profesjonalnych narz\u0119dzi programistycznych<\/li><li>Mo\u017cliwo\u015b\u0107 rozwoju i dokszta\u0142cania w obszarze nowoczesnych technik sterowania<\/li><\/ul><\/div>\n\t\t\t\t<\/div>\n\t\t\t\t\t\t\t<div class=\"elementor-accordion-item\">\n\t\t\t\t\t<div id=\"elementor-tab-title-1782\" class=\"elementor-tab-title\" data-tab=\"2\" role=\"button\" aria-controls=\"elementor-tab-content-1782\" aria-expanded=\"false\">\n\t\t\t\t\t\t\t\t\t\t\t\t\t<span class=\"elementor-accordion-icon elementor-accordion-icon-right\" aria-hidden=\"true\">\n\t\t\t\t\t\t\t\t\t\t\t\t\t\t\t<span class=\"elementor-accordion-icon-closed\"><i class=\"fas fa-angle-down\"><\/i><\/span>\n\t\t\t\t\t\t\t\t<span class=\"elementor-accordion-icon-opened\"><i class=\"fas fa-angle-up\"><\/i><\/span>\n\t\t\t\t\t\t\t\t\t\t\t\t\t\t<\/span>\n\t\t\t\t\t\t\t\t\t\t\t\t<a class=\"elementor-accordion-title\" tabindex=\"0\">In\u017cynier konstruktor<\/a>\n\t\t\t\t\t<\/div>\n\t\t\t\t\t<div id=\"elementor-tab-content-1782\" class=\"elementor-tab-content elementor-clearfix\" data-tab=\"2\" role=\"region\" aria-labelledby=\"elementor-tab-title-1782\"><p><strong>Opis stanowiska:<\/strong><\/p><ul><li>Prace projektowe obejmuj\u0105ce:<ul><li>Opracowywanie koncepcji rozwi\u0105za\u0144 mechanicznych maszyn i urz\u0105dze\u0144<\/li><li>Projektowanie i tworzenie modeli konstrukcyjnych<\/li><li>Tworzenie dokumentacji wykonawczej<\/li><\/ul><\/li><li>Nadz\u00f3r nad etapem wykonania, monta\u017cu i wdro\u017cenia<\/li><li>Zapewnienie zgodno\u015bci rozwi\u0105za\u0144 z normami i wymaganiami bran\u017cowymi<\/li><li>Wsp\u00f3\u0142praca mi\u0119dzybran\u017cowa ze specjalistami z innych obszar\u00f3w<\/li><li>Wsparcie techniczne na etapie ofertowania<\/li><\/ul><p><strong>Oczekiwania:<\/strong><\/p><ul><li>Wykszta\u0142cenie wy\u017csze techniczne kierunkowe<\/li><li>Minimum 3-letnie do\u015bwiadczenie w pracy na podobnym stanowisku<\/li><li>Znajomo\u015b\u0107 oprogramowania CAD, NX CAD lub SolidWorks<\/li><li>Bieg\u0142a umiej\u0119tno\u015b\u0107 czytania i tworzenia rysunk\u00f3w technicznych<\/li><li>Znajomo\u015b\u0107 zasad tworzenia dokumentacji technicznych oraz wykonawczych<\/li><li>Wiedza z zakresu budowy maszyn<\/li><li>Umiej\u0119tno\u015b\u0107 pracy w zespole<\/li><li>Komunikatywna znajomo\u015b\u0107 j\u0119zyka angielskiego<\/li><li>Zaanga\u017cowanie, dyspozycyjno\u015b\u0107, otwarto\u015b\u0107 na nowo\u015bci techniczne<\/li><li>Prawo jazdy kat. B<\/li><\/ul><p><strong>Mile widziane:<\/strong><\/p><ul><li>Znajomo\u015b\u0107 zagadnie\u0144 bezpiecze\u0144stwa maszyn i proces\u00f3w produkcyjnych<\/li><li>Wiedza z zakresu automatyki, pneumatyki<\/li><li>Umiej\u0119tno\u015b\u0107 tworzenia dokumentacji zgodnie z wymaganiami bran\u017cowymi<\/li><\/ul><p><strong>Oferujemy:<\/strong><\/p><ul><li>Stabilne zatrudnienie w firmie o ugruntowanej pozycji na rynku<\/li><li>Przyjazn\u0105 atmosfer\u0119<\/li><li>Elastyczny system pracy dostosowany do indywidualnych potrzeb<\/li><li>Atrakcyjne wynagrodzenie z motywacyjnym systemem premiowania<\/li><\/ul><\/div>\n\t\t\t\t<\/div>\n\t\t\t\t\t\t\t\t<\/div>\n\t\t\t\t\t\t<\/div>\n\t\t\t\t<\/div>\n\t\t\t\t<div class=\"elementor-element elementor-element-3be55e1 elementor-widget elementor-widget-text-editor\" data-id=\"3be55e1\" data-element_type=\"widget\" data-e-type=\"widget\" data-settings=\"{&quot;ekit_we_effect_on&quot;:&quot;none&quot;}\" data-widget_type=\"text-editor.default\">\n\t\t\t\t<div class=\"elementor-widget-container\">\n\t\t\t\t\t\t\t\t\t<p>Zapraszamy do aplikowania na adres mailowy: biuro@advantec.pro<\/p>\t\t\t\t\t\t\t\t<\/div>\n\t\t\t\t<\/div>\n\t\t\t\t\t<\/div>\n\t\t<\/div>\n\t\t\t\t\t<\/div>\n\t\t<\/section>\n\t\t\t\t<\/div>\n\t\t","protected":false},"excerpt":{"rendered":"<p>Kariera Oferty pracy W zwi\u0105zku z ci\u0105g\u0142ym rozwojem poszukujemy kandydat\u00f3w na stanowiska: In\u017cynier automatyk Opis stanowiska: Prace projektowe obejmuj\u0105ce: Opracowywanie koncepcji system\u00f3w sterowania Dob\u00f3r programistycznych i sprz\u0119towych rozwi\u0105za\u0144 technicznych Tworzenie dokumentacji Nadz\u00f3r nad realizacj\u0105 zada\u0144 projektowych, wdro\u017ceniowych i uruchomieniowych Programowanie sterownik\u00f3w PLC, paneli HMI oraz system\u00f3w SCADA Oczekiwania: Wykszta\u0142cenie wy\u017csze techniczne (automatyka, mechatronika, informatyka, robotyka, [&hellip;]<\/p>\n","protected":false},"author":1,"featured_media":0,"parent":0,"menu_order":0,"comment_status":"closed","ping_status":"closed","template":"elementor_header_footer","meta":{"footnotes":""},"class_list":["post-19","page","type-page","status-publish","hentry"],"yoast_head":"<!-- This site is optimized with the Yoast SEO Premium plugin v23.6 (Yoast SEO v27.4) - https:\/\/yoast.com\/product\/yoast-seo-premium-wordpress\/ -->\n<title>Kariera \ud83d\ude00<\/title>\n<meta name=\"description\" content=\"W zwi\u0105zku z ci\u0105g\u0142ym rozwojem poszukujemy kandydat\u00f3w na stanowiska: In\u017cynier automatyk, In\u017cynier konstruktor.\" \/>\n<meta name=\"robots\" content=\"index, follow, max-snippet:-1, max-image-preview:large, max-video-preview:-1\" \/>\n<link rel=\"canonical\" href=\"https:\/\/advantec.pro\/pl\/kariera-w-firmie-advantec-pro\/\" \/>\n<meta property=\"og:locale\" content=\"pl_PL\" \/>\n<meta property=\"og:type\" content=\"article\" \/>\n<meta property=\"og:title\" content=\"Advantec Micha\u0142 Rak - Kariera\" \/>\n<meta property=\"og:description\" content=\"W zwi\u0105zku z ci\u0105g\u0142ym rozwojem poszukujemy kandydat\u00f3w na stanowiska: In\u017cynier automatyk, In\u017cynier konstruktor.\" \/>\n<meta property=\"og:url\" content=\"https:\/\/advantec.pro\/pl\/kariera-w-firmie-advantec-pro\/\" \/>\n<meta property=\"og:site_name\" content=\"Traceability, KEPServerEX, PLC, SCADA,TANI - Advantec Pro\" \/>\n<meta property=\"article:modified_time\" content=\"2024-11-15T11:58:24+00:00\" \/>\n<meta property=\"og:image\" content=\"https:\/\/advantec.pro\/wp-content\/uploads\/2022\/03\/img2.png\" \/>\n\t<meta property=\"og:image:width\" content=\"1254\" \/>\n\t<meta property=\"og:image:height\" content=\"418\" \/>\n\t<meta property=\"og:image:type\" content=\"image\/png\" \/>\n<meta name=\"twitter:card\" content=\"summary_large_image\" \/>\n<meta name=\"twitter:title\" content=\"Advantec Micha\u0142 Rak - Kariera\" \/>\n<meta name=\"twitter:description\" content=\"W zwi\u0105zku z ci\u0105g\u0142ym rozwojem poszukujemy kandydat\u00f3w na stanowiska: In\u017cynier automatyk, In\u017cynier konstruktor.\" \/>\n<meta name=\"twitter:image\" content=\"https:\/\/advantec.pro\/wp-content\/uploads\/2022\/03\/img2.png\" \/>\n<meta name=\"twitter:label1\" content=\"Szacowany czas czytania\" \/>\n\t<meta name=\"twitter:data1\" content=\"3 minuty\" \/>\n<script type=\"application\/ld+json\" class=\"yoast-schema-graph\">{\"@context\":\"https:\\\/\\\/schema.org\",\"@graph\":[{\"@type\":\"WebPage\",\"@id\":\"https:\\\/\\\/advantec.pro\\\/kariera-w-firmie-advantec-pro\\\/\",\"url\":\"https:\\\/\\\/advantec.pro\\\/kariera-w-firmie-advantec-pro\\\/\",\"name\":\"Kariera \ud83d\ude00\",\"isPartOf\":{\"@id\":\"https:\\\/\\\/advantec.pro\\\/#website\"},\"datePublished\":\"2022-02-24T10:23:05+00:00\",\"dateModified\":\"2024-11-15T11:58:24+00:00\",\"description\":\"W zwi\u0105zku z ci\u0105g\u0142ym rozwojem poszukujemy kandydat\u00f3w na stanowiska: In\u017cynier automatyk, In\u017cynier konstruktor.\",\"breadcrumb\":{\"@id\":\"https:\\\/\\\/advantec.pro\\\/kariera-w-firmie-advantec-pro\\\/#breadcrumb\"},\"inLanguage\":\"pl-PL\",\"potentialAction\":[{\"@type\":\"ReadAction\",\"target\":[\"https:\\\/\\\/advantec.pro\\\/kariera-w-firmie-advantec-pro\\\/\"]}]},{\"@type\":\"BreadcrumbList\",\"@id\":\"https:\\\/\\\/advantec.pro\\\/kariera-w-firmie-advantec-pro\\\/#breadcrumb\",\"itemListElement\":[{\"@type\":\"ListItem\",\"position\":1,\"name\":\"Strona g\u0142\u00f3wna\",\"item\":\"https:\\\/\\\/advantec.pro\\\/pl\\\/\"},{\"@type\":\"ListItem\",\"position\":2,\"name\":\"Kariera\"}]},{\"@type\":\"WebSite\",\"@id\":\"https:\\\/\\\/advantec.pro\\\/#website\",\"url\":\"https:\\\/\\\/advantec.pro\\\/\",\"name\":\"Traceability, KEPServerEX, PLC, SCADA,TANI - Advantec Pro\",\"description\":\"Automatyzacja i robotyzacja proces\u00f3w przemys\u0142owych\",\"publisher\":{\"@id\":\"https:\\\/\\\/advantec.pro\\\/#organization\"},\"potentialAction\":[{\"@type\":\"SearchAction\",\"target\":{\"@type\":\"EntryPoint\",\"urlTemplate\":\"https:\\\/\\\/advantec.pro\\\/?s={search_term_string}\"},\"query-input\":{\"@type\":\"PropertyValueSpecification\",\"valueRequired\":true,\"valueName\":\"search_term_string\"}}],\"inLanguage\":\"pl-PL\"},{\"@type\":\"Organization\",\"@id\":\"https:\\\/\\\/advantec.pro\\\/#organization\",\"name\":\"Advantec PRO\",\"url\":\"https:\\\/\\\/advantec.pro\\\/\",\"logo\":{\"@type\":\"ImageObject\",\"inLanguage\":\"pl-PL\",\"@id\":\"https:\\\/\\\/advantec.pro\\\/#\\\/schema\\\/logo\\\/image\\\/\",\"url\":\"https:\\\/\\\/advantec.pro\\\/wp-content\\\/uploads\\\/2022\\\/02\\\/ADVANTECPRO.png\",\"contentUrl\":\"https:\\\/\\\/advantec.pro\\\/wp-content\\\/uploads\\\/2022\\\/02\\\/ADVANTECPRO.png\",\"width\":1360,\"height\":228,\"caption\":\"Advantec PRO\"},\"image\":{\"@id\":\"https:\\\/\\\/advantec.pro\\\/#\\\/schema\\\/logo\\\/image\\\/\"},\"publishingPrinciples\":\"https:\\\/\\\/advantec.pro\\\/automatyka-przemyslowa-2\\\/\",\"ownershipFundingInfo\":\"https:\\\/\\\/advantec.pro\\\/oferta\\\/\"}]}<\/script>\n<!-- \/ Yoast SEO Premium plugin. -->","yoast_head_json":{"title":"Kariera \ud83d\ude00","description":"W zwi\u0105zku z ci\u0105g\u0142ym rozwojem poszukujemy kandydat\u00f3w na stanowiska: In\u017cynier automatyk, In\u017cynier konstruktor.","robots":{"index":"index","follow":"follow","max-snippet":"max-snippet:-1","max-image-preview":"max-image-preview:large","max-video-preview":"max-video-preview:-1"},"canonical":"https:\/\/advantec.pro\/pl\/kariera-w-firmie-advantec-pro\/","og_locale":"pl_PL","og_type":"article","og_title":"Advantec Micha\u0142 Rak - Kariera","og_description":"W zwi\u0105zku z ci\u0105g\u0142ym rozwojem poszukujemy kandydat\u00f3w na stanowiska: In\u017cynier automatyk, In\u017cynier konstruktor.","og_url":"https:\/\/advantec.pro\/pl\/kariera-w-firmie-advantec-pro\/","og_site_name":"Traceability, KEPServerEX, PLC, SCADA,TANI - Advantec Pro","article_modified_time":"2024-11-15T11:58:24+00:00","og_image":[{"width":1254,"height":418,"url":"https:\/\/advantec.pro\/wp-content\/uploads\/2022\/03\/img2.png","type":"image\/png"}],"twitter_card":"summary_large_image","twitter_title":"Advantec Micha\u0142 Rak - Kariera","twitter_description":"W zwi\u0105zku z ci\u0105g\u0142ym rozwojem poszukujemy kandydat\u00f3w na stanowiska: In\u017cynier automatyk, In\u017cynier konstruktor.","twitter_image":"https:\/\/advantec.pro\/wp-content\/uploads\/2022\/03\/img2.png","twitter_misc":{"Szacowany czas czytania":"3 minuty"},"schema":{"@context":"https:\/\/schema.org","@graph":[{"@type":"WebPage","@id":"https:\/\/advantec.pro\/kariera-w-firmie-advantec-pro\/","url":"https:\/\/advantec.pro\/kariera-w-firmie-advantec-pro\/","name":"Kariera \ud83d\ude00","isPartOf":{"@id":"https:\/\/advantec.pro\/#website"},"datePublished":"2022-02-24T10:23:05+00:00","dateModified":"2024-11-15T11:58:24+00:00","description":"W zwi\u0105zku z ci\u0105g\u0142ym rozwojem poszukujemy kandydat\u00f3w na stanowiska: In\u017cynier automatyk, In\u017cynier konstruktor.","breadcrumb":{"@id":"https:\/\/advantec.pro\/kariera-w-firmie-advantec-pro\/#breadcrumb"},"inLanguage":"pl-PL","potentialAction":[{"@type":"ReadAction","target":["https:\/\/advantec.pro\/kariera-w-firmie-advantec-pro\/"]}]},{"@type":"BreadcrumbList","@id":"https:\/\/advantec.pro\/kariera-w-firmie-advantec-pro\/#breadcrumb","itemListElement":[{"@type":"ListItem","position":1,"name":"Strona g\u0142\u00f3wna","item":"https:\/\/advantec.pro\/pl\/"},{"@type":"ListItem","position":2,"name":"Kariera"}]},{"@type":"WebSite","@id":"https:\/\/advantec.pro\/#website","url":"https:\/\/advantec.pro\/","name":"Traceability, KEPServerEX, PLC, SCADA,TANI - Advantec Pro","description":"Automatyzacja i robotyzacja proces\u00f3w przemys\u0142owych","publisher":{"@id":"https:\/\/advantec.pro\/#organization"},"potentialAction":[{"@type":"SearchAction","target":{"@type":"EntryPoint","urlTemplate":"https:\/\/advantec.pro\/?s={search_term_string}"},"query-input":{"@type":"PropertyValueSpecification","valueRequired":true,"valueName":"search_term_string"}}],"inLanguage":"pl-PL"},{"@type":"Organization","@id":"https:\/\/advantec.pro\/#organization","name":"Advantec PRO","url":"https:\/\/advantec.pro\/","logo":{"@type":"ImageObject","inLanguage":"pl-PL","@id":"https:\/\/advantec.pro\/#\/schema\/logo\/image\/","url":"https:\/\/advantec.pro\/wp-content\/uploads\/2022\/02\/ADVANTECPRO.png","contentUrl":"https:\/\/advantec.pro\/wp-content\/uploads\/2022\/02\/ADVANTECPRO.png","width":1360,"height":228,"caption":"Advantec PRO"},"image":{"@id":"https:\/\/advantec.pro\/#\/schema\/logo\/image\/"},"publishingPrinciples":"https:\/\/advantec.pro\/automatyka-przemyslowa-2\/","ownershipFundingInfo":"https:\/\/advantec.pro\/oferta\/"}]}},"_links":{"self":[{"href":"https:\/\/advantec.pro\/pl\/wp-json\/wp\/v2\/pages\/19","targetHints":{"allow":["GET"]}}],"collection":[{"href":"https:\/\/advantec.pro\/pl\/wp-json\/wp\/v2\/pages"}],"about":[{"href":"https:\/\/advantec.pro\/pl\/wp-json\/wp\/v2\/types\/page"}],"author":[{"embeddable":true,"href":"https:\/\/advantec.pro\/pl\/wp-json\/wp\/v2\/users\/1"}],"replies":[{"embeddable":true,"href":"https:\/\/advantec.pro\/pl\/wp-json\/wp\/v2\/comments?post=19"}],"version-history":[{"count":44,"href":"https:\/\/advantec.pro\/pl\/wp-json\/wp\/v2\/pages\/19\/revisions"}],"predecessor-version":[{"id":1938,"href":"https:\/\/advantec.pro\/pl\/wp-json\/wp\/v2\/pages\/19\/revisions\/1938"}],"wp:attachment":[{"href":"https:\/\/advantec.pro\/pl\/wp-json\/wp\/v2\/media?parent=19"}],"curies":[{"name":"wp","href":"https:\/\/api.w.org\/{rel}","templated":true}]}}