{"id":15,"date":"2022-02-24T11:20:46","date_gmt":"2022-02-24T10:20:46","guid":{"rendered":"https:\/\/advantec.pro\/?page_id=15"},"modified":"2025-02-06T10:25:01","modified_gmt":"2025-02-06T09:25:01","slug":"automatyka-przemyslowa-2","status":"publish","type":"page","link":"https:\/\/advantec.pro\/pl\/automatyka-przemyslowa-2\/","title":{"rendered":"O firmie"},"content":{"rendered":"\t\t<div data-elementor-type=\"wp-page\" data-elementor-id=\"15\" class=\"elementor elementor-15\" data-elementor-post-type=\"page\">\n\t\t\t\t\t\t<section class=\"elementor-section elementor-top-section elementor-element elementor-element-236f4029 elementor-section-full_width elementor-section-height-default elementor-section-height-default\" data-id=\"236f4029\" data-element_type=\"section\" data-e-type=\"section\" data-settings=\"{&quot;background_background&quot;:&quot;classic&quot;,&quot;ekit_has_onepagescroll_dot&quot;:&quot;yes&quot;}\">\n\t\t\t\t\t\t\t<div class=\"elementor-background-overlay\"><\/div>\n\t\t\t\t\t\t\t<div class=\"elementor-container elementor-column-gap-no\">\n\t\t\t\t\t<div class=\"elementor-column elementor-col-100 elementor-top-column elementor-element elementor-element-48ca7f3a\" data-id=\"48ca7f3a\" data-element_type=\"column\" data-e-type=\"column\">\n\t\t\t<div class=\"elementor-widget-wrap elementor-element-populated\">\n\t\t\t\t\t\t<div class=\"elementor-element elementor-element-5f87ada0 elementor-widget elementor-widget-heading\" data-id=\"5f87ada0\" data-element_type=\"widget\" data-e-type=\"widget\" data-settings=\"{&quot;ekit_we_effect_on&quot;:&quot;none&quot;}\" data-widget_type=\"heading.default\">\n\t\t\t\t<div class=\"elementor-widget-container\">\n\t\t\t\t\t<h1 class=\"elementor-heading-title elementor-size-default\">O firmie<\/h1>\t\t\t\t<\/div>\n\t\t\t\t<\/div>\n\t\t\t\t\t<\/div>\n\t\t<\/div>\n\t\t\t\t\t<\/div>\n\t\t<\/section>\n\t\t\t\t<section class=\"elementor-section elementor-top-section elementor-element elementor-element-2f9b2fac elementor-section-boxed elementor-section-height-default elementor-section-height-default\" data-id=\"2f9b2fac\" data-element_type=\"section\" data-e-type=\"section\" data-settings=\"{&quot;ekit_has_onepagescroll_dot&quot;:&quot;yes&quot;}\">\n\t\t\t\t\t\t<div class=\"elementor-container elementor-column-gap-default\">\n\t\t\t\t\t<div class=\"elementor-column elementor-col-50 elementor-top-column elementor-element elementor-element-39f9123\" data-id=\"39f9123\" data-element_type=\"column\" data-e-type=\"column\">\n\t\t\t<div class=\"elementor-widget-wrap elementor-element-populated\">\n\t\t\t\t\t\t<div class=\"elementor-element elementor-element-1b392eee elementor-widget__width-auto elementor-widget-divider--view-line elementor-widget elementor-widget-divider\" data-id=\"1b392eee\" data-element_type=\"widget\" data-e-type=\"widget\" data-settings=\"{&quot;ekit_we_effect_on&quot;:&quot;none&quot;}\" data-widget_type=\"divider.default\">\n\t\t\t\t<div class=\"elementor-widget-container\">\n\t\t\t\t\t\t\t<div class=\"elementor-divider\">\n\t\t\t<span class=\"elementor-divider-separator\">\n\t\t\t\t\t\t<\/span>\n\t\t<\/div>\n\t\t\t\t\t\t<\/div>\n\t\t\t\t<\/div>\n\t\t\t\t<div class=\"elementor-element elementor-element-2916491e elementor-widget__width-auto elementor-widget-divider--view-line elementor-widget elementor-widget-divider\" data-id=\"2916491e\" data-element_type=\"widget\" data-e-type=\"widget\" data-settings=\"{&quot;ekit_we_effect_on&quot;:&quot;none&quot;}\" data-widget_type=\"divider.default\">\n\t\t\t\t<div class=\"elementor-widget-container\">\n\t\t\t\t\t\t\t<div class=\"elementor-divider\">\n\t\t\t<span class=\"elementor-divider-separator\">\n\t\t\t\t\t\t<\/span>\n\t\t<\/div>\n\t\t\t\t\t\t<\/div>\n\t\t\t\t<\/div>\n\t\t\t\t<div class=\"elementor-element elementor-element-303f24c8 elementor-widget elementor-widget-heading\" data-id=\"303f24c8\" data-element_type=\"widget\" data-e-type=\"widget\" data-settings=\"{&quot;ekit_we_effect_on&quot;:&quot;none&quot;}\" data-widget_type=\"heading.default\">\n\t\t\t\t<div class=\"elementor-widget-container\">\n\t\t\t\t\t<h2 class=\"elementor-heading-title elementor-size-default\">O firmie<\/h2>\t\t\t\t<\/div>\n\t\t\t\t<\/div>\n\t\t\t\t<div class=\"elementor-element elementor-element-5399508e elementor-widget elementor-widget-text-editor\" data-id=\"5399508e\" data-element_type=\"widget\" data-e-type=\"widget\" data-settings=\"{&quot;ekit_we_effect_on&quot;:&quot;none&quot;}\" data-widget_type=\"text-editor.default\">\n\t\t\t\t<div class=\"elementor-widget-container\">\n\t\t\t\t\t\t\t\t\t<p>Dzia\u0142alno\u015b\u0107 firmy skoncentrowana jest na realizacji profesjonalnych rozwi\u0105za\u0144 z zakresu system\u00f3w sterowania dostosowanych do wymaga\u0144 i oczekiwa\u0144 klienta, opartych na sterownikach PLC Siemens Simatic i innych producent\u00f3w. Dzi\u0119ki do\u015bwiadczeniu i pracy z d\u0142ugoletnim sta\u017cem w utrzymaniu ruchu jeste\u015bmy w stanie sprosta\u0107 wielu trudnym wyzwaniom stawianym przez naszych klient\u00f3w.<\/p><p><strong>Obszary naszej dzia\u0142alno\u015bci:<\/strong><\/p>\t\t\t\t\t\t\t\t<\/div>\n\t\t\t\t<\/div>\n\t\t\t\t<div class=\"elementor-element elementor-element-29bbcac7 elementor-position-inline-start elementor-view-default elementor-mobile-position-block-start elementor-widget elementor-widget-icon-box\" data-id=\"29bbcac7\" data-element_type=\"widget\" data-e-type=\"widget\" data-settings=\"{&quot;ekit_we_effect_on&quot;:&quot;none&quot;}\" data-widget_type=\"icon-box.default\">\n\t\t\t\t<div class=\"elementor-widget-container\">\n\t\t\t\t\t\t\t<div class=\"elementor-icon-box-wrapper\">\n\n\t\t\t\t\t\t<div class=\"elementor-icon-box-icon\">\n\t\t\t\t<span  class=\"elementor-icon\">\n\t\t\t\t<i aria-hidden=\"true\" class=\"fas fa-check-circle\"><\/i>\t\t\t\t<\/span>\n\t\t\t<\/div>\n\t\t\t\n\t\t\t\t\t\t<div class=\"elementor-icon-box-content\">\n\n\t\t\t\t\t\t\t\t\t<h3 class=\"elementor-icon-box-title\">\n\t\t\t\t\t\t<span  >\n\t\t\t\t\t\t\tAutomatyka przemys\u0142owa\t\t\t\t\t\t<\/span>\n\t\t\t\t\t<\/h3>\n\t\t\t\t\n\t\t\t\t\n\t\t\t<\/div>\n\t\t\t\n\t\t<\/div>\n\t\t\t\t\t\t<\/div>\n\t\t\t\t<\/div>\n\t\t\t\t<div class=\"elementor-element elementor-element-48698f3d elementor-position-inline-start elementor-view-default elementor-mobile-position-block-start elementor-widget elementor-widget-icon-box\" data-id=\"48698f3d\" data-element_type=\"widget\" data-e-type=\"widget\" data-settings=\"{&quot;ekit_we_effect_on&quot;:&quot;none&quot;}\" data-widget_type=\"icon-box.default\">\n\t\t\t\t<div class=\"elementor-widget-container\">\n\t\t\t\t\t\t\t<div class=\"elementor-icon-box-wrapper\">\n\n\t\t\t\t\t\t<div class=\"elementor-icon-box-icon\">\n\t\t\t\t<span  class=\"elementor-icon\">\n\t\t\t\t<i aria-hidden=\"true\" class=\"fas fa-check-circle\"><\/i>\t\t\t\t<\/span>\n\t\t\t<\/div>\n\t\t\t\n\t\t\t\t\t\t<div class=\"elementor-icon-box-content\">\n\n\t\t\t\t\t\t\t\t\t<h3 class=\"elementor-icon-box-title\">\n\t\t\t\t\t\t<span  >\n\t\t\t\t\t\t\tSerwis maszyn\t\t\t\t\t\t<\/span>\n\t\t\t\t\t<\/h3>\n\t\t\t\t\n\t\t\t\t\n\t\t\t<\/div>\n\t\t\t\n\t\t<\/div>\n\t\t\t\t\t\t<\/div>\n\t\t\t\t<\/div>\n\t\t\t\t<div class=\"elementor-element elementor-element-10de9c3a elementor-position-inline-start elementor-view-default elementor-mobile-position-block-start elementor-widget elementor-widget-icon-box\" data-id=\"10de9c3a\" data-element_type=\"widget\" data-e-type=\"widget\" data-settings=\"{&quot;ekit_we_effect_on&quot;:&quot;none&quot;}\" data-widget_type=\"icon-box.default\">\n\t\t\t\t<div class=\"elementor-widget-container\">\n\t\t\t\t\t\t\t<div class=\"elementor-icon-box-wrapper\">\n\n\t\t\t\t\t\t<div class=\"elementor-icon-box-icon\">\n\t\t\t\t<span  class=\"elementor-icon\">\n\t\t\t\t<i aria-hidden=\"true\" class=\"fas fa-check-circle\"><\/i>\t\t\t\t<\/span>\n\t\t\t<\/div>\n\t\t\t\n\t\t\t\t\t\t<div class=\"elementor-icon-box-content\">\n\n\t\t\t\t\t\t\t\t\t<h3 class=\"elementor-icon-box-title\">\n\t\t\t\t\t\t<span  >\n\t\t\t\t\t\t\tBezpiecze\u0144stwo maszyn\t\t\t\t\t\t<\/span>\n\t\t\t\t\t<\/h3>\n\t\t\t\t\n\t\t\t\t\n\t\t\t<\/div>\n\t\t\t\n\t\t<\/div>\n\t\t\t\t\t\t<\/div>\n\t\t\t\t<\/div>\n\t\t\t\t<div class=\"elementor-element elementor-element-41575e3c elementor-position-inline-start elementor-view-default elementor-mobile-position-block-start elementor-widget elementor-widget-icon-box\" data-id=\"41575e3c\" data-element_type=\"widget\" data-e-type=\"widget\" data-settings=\"{&quot;ekit_we_effect_on&quot;:&quot;none&quot;}\" data-widget_type=\"icon-box.default\">\n\t\t\t\t<div class=\"elementor-widget-container\">\n\t\t\t\t\t\t\t<div class=\"elementor-icon-box-wrapper\">\n\n\t\t\t\t\t\t<div class=\"elementor-icon-box-icon\">\n\t\t\t\t<span  class=\"elementor-icon\">\n\t\t\t\t<i aria-hidden=\"true\" class=\"fas fa-check-circle\"><\/i>\t\t\t\t<\/span>\n\t\t\t<\/div>\n\t\t\t\n\t\t\t\t\t\t<div class=\"elementor-icon-box-content\">\n\n\t\t\t\t\t\t\t\t\t<h3 class=\"elementor-icon-box-title\">\n\t\t\t\t\t\t<span  >\n\t\t\t\t\t\t\tGotowe stacje monta\u017cowe\t\t\t\t\t\t<\/span>\n\t\t\t\t\t<\/h3>\n\t\t\t\t\n\t\t\t\t\n\t\t\t<\/div>\n\t\t\t\n\t\t<\/div>\n\t\t\t\t\t\t<\/div>\n\t\t\t\t<\/div>\n\t\t\t\t<div class=\"elementor-element elementor-element-af438b2 elementor-position-inline-start elementor-view-default elementor-mobile-position-block-start elementor-widget elementor-widget-icon-box\" data-id=\"af438b2\" data-element_type=\"widget\" data-e-type=\"widget\" data-settings=\"{&quot;ekit_we_effect_on&quot;:&quot;none&quot;}\" data-widget_type=\"icon-box.default\">\n\t\t\t\t<div class=\"elementor-widget-container\">\n\t\t\t\t\t\t\t<div class=\"elementor-icon-box-wrapper\">\n\n\t\t\t\t\t\t<div class=\"elementor-icon-box-icon\">\n\t\t\t\t<span  class=\"elementor-icon\">\n\t\t\t\t<i aria-hidden=\"true\" class=\"fas fa-check-circle\"><\/i>\t\t\t\t<\/span>\n\t\t\t<\/div>\n\t\t\t\n\t\t\t\t\t\t<div class=\"elementor-icon-box-content\">\n\n\t\t\t\t\t\t\t\t\t<h3 class=\"elementor-icon-box-title\">\n\t\t\t\t\t\t<span  >\n\t\t\t\t\t\t\tUrz\u0105dzenia pomiarowe\t\t\t\t\t\t<\/span>\n\t\t\t\t\t<\/h3>\n\t\t\t\t\n\t\t\t\t\n\t\t\t<\/div>\n\t\t\t\n\t\t<\/div>\n\t\t\t\t\t\t<\/div>\n\t\t\t\t<\/div>\n\t\t\t\t\t<\/div>\n\t\t<\/div>\n\t\t\t\t<div class=\"elementor-column elementor-col-50 elementor-top-column elementor-element elementor-element-558aa73f\" data-id=\"558aa73f\" data-element_type=\"column\" data-e-type=\"column\">\n\t\t\t<div class=\"elementor-widget-wrap elementor-element-populated\">\n\t\t\t\t\t\t<div class=\"elementor-element elementor-element-30d079e elementor-widget elementor-widget-image\" data-id=\"30d079e\" data-element_type=\"widget\" data-e-type=\"widget\" data-settings=\"{&quot;ekit_we_effect_on&quot;:&quot;none&quot;}\" data-widget_type=\"image.default\">\n\t\t\t\t<div class=\"elementor-widget-container\">\n\t\t\t\t\t\t\t\t\t\t\t\t\t\t\t<img fetchpriority=\"high\" decoding=\"async\" width=\"800\" height=\"449\" src=\"https:\/\/advantec.pro\/wp-content\/uploads\/2022\/02\/simatic-safety-integrated-1024x575.webp\" class=\"attachment-large size-large wp-image-143\" alt=\"Panel sterowania SIMATIC S7-1500 z zaawansowan\u0105 automatyk\u0105 przemys\u0142ow\u0105 od Advantec PRO.\" srcset=\"https:\/\/advantec.pro\/wp-content\/uploads\/2022\/02\/simatic-safety-integrated-1024x575.webp 1024w, https:\/\/advantec.pro\/wp-content\/uploads\/2022\/02\/simatic-safety-integrated-300x169.webp 300w, https:\/\/advantec.pro\/wp-content\/uploads\/2022\/02\/simatic-safety-integrated-768x431.webp 768w, https:\/\/advantec.pro\/wp-content\/uploads\/2022\/02\/simatic-safety-integrated.webp 1125w\" sizes=\"(max-width: 800px) 100vw, 800px\" \/>\t\t\t\t\t\t\t\t\t\t\t\t\t\t\t<\/div>\n\t\t\t\t<\/div>\n\t\t\t\t\t<\/div>\n\t\t<\/div>\n\t\t\t\t\t<\/div>\n\t\t<\/section>\n\t\t\t\t<\/div>\n\t\t","protected":false},"excerpt":{"rendered":"<p>O firmie O firmie Dzia\u0142alno\u015b\u0107 firmy skoncentrowana jest na realizacji profesjonalnych rozwi\u0105za\u0144 z zakresu system\u00f3w sterowania dostosowanych do wymaga\u0144 i oczekiwa\u0144 klienta, opartych na sterownikach PLC Siemens Simatic i innych producent\u00f3w. Dzi\u0119ki do\u015bwiadczeniu i pracy z d\u0142ugoletnim sta\u017cem w utrzymaniu ruchu jeste\u015bmy w stanie sprosta\u0107 wielu trudnym wyzwaniom stawianym przez naszych klient\u00f3w. Obszary naszej dzia\u0142alno\u015bci: [&hellip;]<\/p>\n","protected":false},"author":1,"featured_media":0,"parent":0,"menu_order":0,"comment_status":"closed","ping_status":"closed","template":"elementor_header_footer","meta":{"footnotes":""},"class_list":["post-15","page","type-page","status-publish","hentry"],"yoast_head":"<!-- This site is optimized with the Yoast SEO Premium plugin v23.6 (Yoast SEO v27.4) - https:\/\/yoast.com\/product\/yoast-seo-premium-wordpress\/ -->\n<title>O firmie - Traceability, KEPServerEX, PLC, SCADA,TANI - Advantec Pro<\/title>\n<meta name=\"description\" content=\"Dzia\u0142alno\u015b\u0107 firmy skoncentrowana jest na realizacji profesjonalnych rozwi\u0105za\u0144 z zakresu automatyki przemys\u0142owej.\" \/>\n<meta name=\"robots\" content=\"index, follow, max-snippet:-1, max-image-preview:large, max-video-preview:-1\" \/>\n<link rel=\"canonical\" href=\"https:\/\/advantec.pro\/pl\/automatyka-przemyslowa-2\/\" \/>\n<meta property=\"og:locale\" content=\"pl_PL\" \/>\n<meta property=\"og:type\" content=\"article\" \/>\n<meta property=\"og:title\" content=\"Advantec Micha\u0142 Rak - O firmie\" \/>\n<meta property=\"og:description\" content=\"Dzia\u0142alno\u015b\u0107 firmy skoncentrowana jest na realizacji profesjonalnych rozwi\u0105za\u0144 z zakresu system\u00f3w sterowania dostosowanych do wymaga\u0144 i oczekiwa\u0144 klienta, opartych na sterownikach PLC Siemens Simatic i innych producent\u00f3w.\" \/>\n<meta property=\"og:url\" content=\"https:\/\/advantec.pro\/pl\/automatyka-przemyslowa-2\/\" \/>\n<meta property=\"og:site_name\" content=\"Traceability, KEPServerEX, PLC, SCADA,TANI - Advantec Pro\" \/>\n<meta property=\"article:modified_time\" content=\"2025-02-06T09:25:01+00:00\" \/>\n<meta property=\"og:image\" content=\"https:\/\/advantec.pro\/wp-content\/uploads\/2022\/03\/csm_HAMX_3_4188ab7030.jpg\" \/>\n\t<meta property=\"og:image:width\" content=\"900\" \/>\n\t<meta property=\"og:image:height\" content=\"600\" \/>\n\t<meta property=\"og:image:type\" content=\"image\/jpeg\" \/>\n<meta name=\"twitter:card\" content=\"summary_large_image\" \/>\n<meta name=\"twitter:title\" content=\"Advantec Micha\u0142 Rak - O firmie\" \/>\n<meta name=\"twitter:description\" content=\"Dzia\u0142alno\u015b\u0107 firmy skoncentrowana jest na realizacji profesjonalnych rozwi\u0105za\u0144 z zakresu system\u00f3w sterowania dostosowanych do wymaga\u0144 i oczekiwa\u0144 klienta, opartych na sterownikach PLC Siemens Simatic i innych producent\u00f3w.\" \/>\n<meta name=\"twitter:image\" content=\"https:\/\/advantec.pro\/wp-content\/uploads\/2022\/03\/csm_HAMX_3_4188ab7030.jpg\" \/>\n<meta name=\"twitter:label1\" content=\"Szacowany czas czytania\" \/>\n\t<meta name=\"twitter:data1\" content=\"1 minuta\" \/>\n<script type=\"application\/ld+json\" class=\"yoast-schema-graph\">{\"@context\":\"https:\\\/\\\/schema.org\",\"@graph\":[{\"@type\":\"WebPage\",\"@id\":\"https:\\\/\\\/advantec.pro\\\/automatyka-przemyslowa-2\\\/\",\"url\":\"https:\\\/\\\/advantec.pro\\\/automatyka-przemyslowa-2\\\/\",\"name\":\"O firmie - Traceability, KEPServerEX, PLC, SCADA,TANI - Advantec Pro\",\"isPartOf\":{\"@id\":\"https:\\\/\\\/advantec.pro\\\/#website\"},\"primaryImageOfPage\":{\"@id\":\"https:\\\/\\\/advantec.pro\\\/automatyka-przemyslowa-2\\\/#primaryimage\"},\"image\":{\"@id\":\"https:\\\/\\\/advantec.pro\\\/automatyka-przemyslowa-2\\\/#primaryimage\"},\"thumbnailUrl\":\"https:\\\/\\\/advantec.pro\\\/wp-content\\\/uploads\\\/2022\\\/02\\\/simatic-safety-integrated-1024x575.webp\",\"datePublished\":\"2022-02-24T10:20:46+00:00\",\"dateModified\":\"2025-02-06T09:25:01+00:00\",\"description\":\"Dzia\u0142alno\u015b\u0107 firmy skoncentrowana jest na realizacji profesjonalnych rozwi\u0105za\u0144 z zakresu automatyki przemys\u0142owej.\",\"breadcrumb\":{\"@id\":\"https:\\\/\\\/advantec.pro\\\/automatyka-przemyslowa-2\\\/#breadcrumb\"},\"inLanguage\":\"pl-PL\",\"potentialAction\":[{\"@type\":\"ReadAction\",\"target\":[\"https:\\\/\\\/advantec.pro\\\/automatyka-przemyslowa-2\\\/\"]}]},{\"@type\":\"ImageObject\",\"inLanguage\":\"pl-PL\",\"@id\":\"https:\\\/\\\/advantec.pro\\\/automatyka-przemyslowa-2\\\/#primaryimage\",\"url\":\"https:\\\/\\\/advantec.pro\\\/wp-content\\\/uploads\\\/2022\\\/02\\\/simatic-safety-integrated-1024x575.webp\",\"contentUrl\":\"https:\\\/\\\/advantec.pro\\\/wp-content\\\/uploads\\\/2022\\\/02\\\/simatic-safety-integrated-1024x575.webp\"},{\"@type\":\"BreadcrumbList\",\"@id\":\"https:\\\/\\\/advantec.pro\\\/automatyka-przemyslowa-2\\\/#breadcrumb\",\"itemListElement\":[{\"@type\":\"ListItem\",\"position\":1,\"name\":\"Strona g\u0142\u00f3wna\",\"item\":\"https:\\\/\\\/advantec.pro\\\/pl\\\/\"},{\"@type\":\"ListItem\",\"position\":2,\"name\":\"O firmie\"}]},{\"@type\":\"WebSite\",\"@id\":\"https:\\\/\\\/advantec.pro\\\/#website\",\"url\":\"https:\\\/\\\/advantec.pro\\\/\",\"name\":\"Traceability, KEPServerEX, PLC, SCADA,TANI - Advantec Pro\",\"description\":\"Automatyzacja i robotyzacja proces\u00f3w przemys\u0142owych\",\"publisher\":{\"@id\":\"https:\\\/\\\/advantec.pro\\\/#organization\"},\"potentialAction\":[{\"@type\":\"SearchAction\",\"target\":{\"@type\":\"EntryPoint\",\"urlTemplate\":\"https:\\\/\\\/advantec.pro\\\/?s={search_term_string}\"},\"query-input\":{\"@type\":\"PropertyValueSpecification\",\"valueRequired\":true,\"valueName\":\"search_term_string\"}}],\"inLanguage\":\"pl-PL\"},{\"@type\":\"Organization\",\"@id\":\"https:\\\/\\\/advantec.pro\\\/#organization\",\"name\":\"Advantec PRO\",\"url\":\"https:\\\/\\\/advantec.pro\\\/\",\"logo\":{\"@type\":\"ImageObject\",\"inLanguage\":\"pl-PL\",\"@id\":\"https:\\\/\\\/advantec.pro\\\/#\\\/schema\\\/logo\\\/image\\\/\",\"url\":\"https:\\\/\\\/advantec.pro\\\/wp-content\\\/uploads\\\/2022\\\/02\\\/ADVANTECPRO.png\",\"contentUrl\":\"https:\\\/\\\/advantec.pro\\\/wp-content\\\/uploads\\\/2022\\\/02\\\/ADVANTECPRO.png\",\"width\":1360,\"height\":228,\"caption\":\"Advantec PRO\"},\"image\":{\"@id\":\"https:\\\/\\\/advantec.pro\\\/#\\\/schema\\\/logo\\\/image\\\/\"},\"publishingPrinciples\":\"https:\\\/\\\/advantec.pro\\\/automatyka-przemyslowa-2\\\/\",\"ownershipFundingInfo\":\"https:\\\/\\\/advantec.pro\\\/oferta\\\/\"}]}<\/script>\n<!-- \/ Yoast SEO Premium plugin. -->","yoast_head_json":{"title":"O firmie - Traceability, KEPServerEX, PLC, SCADA,TANI - Advantec Pro","description":"Dzia\u0142alno\u015b\u0107 firmy skoncentrowana jest na realizacji profesjonalnych rozwi\u0105za\u0144 z zakresu automatyki przemys\u0142owej.","robots":{"index":"index","follow":"follow","max-snippet":"max-snippet:-1","max-image-preview":"max-image-preview:large","max-video-preview":"max-video-preview:-1"},"canonical":"https:\/\/advantec.pro\/pl\/automatyka-przemyslowa-2\/","og_locale":"pl_PL","og_type":"article","og_title":"Advantec Micha\u0142 Rak - O firmie","og_description":"Dzia\u0142alno\u015b\u0107 firmy skoncentrowana jest na realizacji profesjonalnych rozwi\u0105za\u0144 z zakresu system\u00f3w sterowania dostosowanych do wymaga\u0144 i oczekiwa\u0144 klienta, opartych na sterownikach PLC Siemens Simatic i innych producent\u00f3w.","og_url":"https:\/\/advantec.pro\/pl\/automatyka-przemyslowa-2\/","og_site_name":"Traceability, KEPServerEX, PLC, SCADA,TANI - Advantec Pro","article_modified_time":"2025-02-06T09:25:01+00:00","og_image":[{"width":900,"height":600,"url":"https:\/\/advantec.pro\/wp-content\/uploads\/2022\/03\/csm_HAMX_3_4188ab7030.jpg","type":"image\/jpeg"}],"twitter_card":"summary_large_image","twitter_title":"Advantec Micha\u0142 Rak - O firmie","twitter_description":"Dzia\u0142alno\u015b\u0107 firmy skoncentrowana jest na realizacji profesjonalnych rozwi\u0105za\u0144 z zakresu system\u00f3w sterowania dostosowanych do wymaga\u0144 i oczekiwa\u0144 klienta, opartych na sterownikach PLC Siemens Simatic i innych producent\u00f3w.","twitter_image":"https:\/\/advantec.pro\/wp-content\/uploads\/2022\/03\/csm_HAMX_3_4188ab7030.jpg","twitter_misc":{"Szacowany czas czytania":"1 minuta"},"schema":{"@context":"https:\/\/schema.org","@graph":[{"@type":"WebPage","@id":"https:\/\/advantec.pro\/automatyka-przemyslowa-2\/","url":"https:\/\/advantec.pro\/automatyka-przemyslowa-2\/","name":"O firmie - Traceability, KEPServerEX, PLC, SCADA,TANI - Advantec Pro","isPartOf":{"@id":"https:\/\/advantec.pro\/#website"},"primaryImageOfPage":{"@id":"https:\/\/advantec.pro\/automatyka-przemyslowa-2\/#primaryimage"},"image":{"@id":"https:\/\/advantec.pro\/automatyka-przemyslowa-2\/#primaryimage"},"thumbnailUrl":"https:\/\/advantec.pro\/wp-content\/uploads\/2022\/02\/simatic-safety-integrated-1024x575.webp","datePublished":"2022-02-24T10:20:46+00:00","dateModified":"2025-02-06T09:25:01+00:00","description":"Dzia\u0142alno\u015b\u0107 firmy skoncentrowana jest na realizacji profesjonalnych rozwi\u0105za\u0144 z zakresu automatyki przemys\u0142owej.","breadcrumb":{"@id":"https:\/\/advantec.pro\/automatyka-przemyslowa-2\/#breadcrumb"},"inLanguage":"pl-PL","potentialAction":[{"@type":"ReadAction","target":["https:\/\/advantec.pro\/automatyka-przemyslowa-2\/"]}]},{"@type":"ImageObject","inLanguage":"pl-PL","@id":"https:\/\/advantec.pro\/automatyka-przemyslowa-2\/#primaryimage","url":"https:\/\/advantec.pro\/wp-content\/uploads\/2022\/02\/simatic-safety-integrated-1024x575.webp","contentUrl":"https:\/\/advantec.pro\/wp-content\/uploads\/2022\/02\/simatic-safety-integrated-1024x575.webp"},{"@type":"BreadcrumbList","@id":"https:\/\/advantec.pro\/automatyka-przemyslowa-2\/#breadcrumb","itemListElement":[{"@type":"ListItem","position":1,"name":"Strona g\u0142\u00f3wna","item":"https:\/\/advantec.pro\/pl\/"},{"@type":"ListItem","position":2,"name":"O firmie"}]},{"@type":"WebSite","@id":"https:\/\/advantec.pro\/#website","url":"https:\/\/advantec.pro\/","name":"Traceability, KEPServerEX, PLC, SCADA,TANI - Advantec Pro","description":"Automatyzacja i robotyzacja proces\u00f3w przemys\u0142owych","publisher":{"@id":"https:\/\/advantec.pro\/#organization"},"potentialAction":[{"@type":"SearchAction","target":{"@type":"EntryPoint","urlTemplate":"https:\/\/advantec.pro\/?s={search_term_string}"},"query-input":{"@type":"PropertyValueSpecification","valueRequired":true,"valueName":"search_term_string"}}],"inLanguage":"pl-PL"},{"@type":"Organization","@id":"https:\/\/advantec.pro\/#organization","name":"Advantec PRO","url":"https:\/\/advantec.pro\/","logo":{"@type":"ImageObject","inLanguage":"pl-PL","@id":"https:\/\/advantec.pro\/#\/schema\/logo\/image\/","url":"https:\/\/advantec.pro\/wp-content\/uploads\/2022\/02\/ADVANTECPRO.png","contentUrl":"https:\/\/advantec.pro\/wp-content\/uploads\/2022\/02\/ADVANTECPRO.png","width":1360,"height":228,"caption":"Advantec PRO"},"image":{"@id":"https:\/\/advantec.pro\/#\/schema\/logo\/image\/"},"publishingPrinciples":"https:\/\/advantec.pro\/automatyka-przemyslowa-2\/","ownershipFundingInfo":"https:\/\/advantec.pro\/oferta\/"}]}},"_links":{"self":[{"href":"https:\/\/advantec.pro\/pl\/wp-json\/wp\/v2\/pages\/15","targetHints":{"allow":["GET"]}}],"collection":[{"href":"https:\/\/advantec.pro\/pl\/wp-json\/wp\/v2\/pages"}],"about":[{"href":"https:\/\/advantec.pro\/pl\/wp-json\/wp\/v2\/types\/page"}],"author":[{"embeddable":true,"href":"https:\/\/advantec.pro\/pl\/wp-json\/wp\/v2\/users\/1"}],"replies":[{"embeddable":true,"href":"https:\/\/advantec.pro\/pl\/wp-json\/wp\/v2\/comments?post=15"}],"version-history":[{"count":20,"href":"https:\/\/advantec.pro\/pl\/wp-json\/wp\/v2\/pages\/15\/revisions"}],"predecessor-version":[{"id":2792,"href":"https:\/\/advantec.pro\/pl\/wp-json\/wp\/v2\/pages\/15\/revisions\/2792"}],"wp:attachment":[{"href":"https:\/\/advantec.pro\/pl\/wp-json\/wp\/v2\/media?parent=15"}],"curies":[{"name":"wp","href":"https:\/\/api.w.org\/{rel}","templated":true}]}}