{"id":19,"date":"2022-02-24T11:23:05","date_gmt":"2022-02-24T10:23:05","guid":{"rendered":"https:\/\/advantec.pro\/?page_id=19"},"modified":"2024-11-15T12:58:24","modified_gmt":"2024-11-15T11:58:24","slug":"kariera-w-firmie-advantec-pro","status":"publish","type":"page","link":"https:\/\/advantec.pro\/en\/kariera-w-firmie-advantec-pro\/","title":{"rendered":"Career"},"content":{"rendered":"<div data-elementor-type=\"wp-page\" data-elementor-id=\"19\" class=\"elementor elementor-19\" data-elementor-post-type=\"page\">\n\t\t\t\t\t\t<section class=\"elementor-section elementor-top-section elementor-element elementor-element-664bb5c1 elementor-section-full_width elementor-section-height-default elementor-section-height-default\" data-id=\"664bb5c1\" data-element_type=\"section\" data-e-type=\"section\" data-settings=\"{&quot;background_background&quot;:&quot;classic&quot;,&quot;ekit_has_onepagescroll_dot&quot;:&quot;yes&quot;}\">\n\t\t\t\t\t\t\t<div class=\"elementor-background-overlay\"><\/div>\n\t\t\t\t\t\t\t<div class=\"elementor-container elementor-column-gap-no\">\n\t\t\t\t\t<div class=\"elementor-column elementor-col-100 elementor-top-column elementor-element elementor-element-c41f721\" data-id=\"c41f721\" data-element_type=\"column\" data-e-type=\"column\">\n\t\t\t<div class=\"elementor-widget-wrap elementor-element-populated\">\n\t\t\t\t\t\t<div class=\"elementor-element elementor-element-606cecd4 elementor-widget elementor-widget-heading\" data-id=\"606cecd4\" data-element_type=\"widget\" data-e-type=\"widget\" data-settings=\"{&quot;ekit_we_effect_on&quot;:&quot;none&quot;}\" data-widget_type=\"heading.default\">\n\t\t\t\t<div class=\"elementor-widget-container\">\n\t\t\t\t\t<span class=\"elementor-heading-title elementor-size-default\">Career<\/span>\t\t\t\t<\/div>\n\t\t\t\t<\/div>\n\t\t\t\t\t<\/div>\n\t\t<\/div>\n\t\t\t\t\t<\/div>\n\t\t<\/section>\n\t\t\t\t<section class=\"elementor-section elementor-top-section elementor-element elementor-element-f6940f3 elementor-section-boxed elementor-section-height-default elementor-section-height-default\" data-id=\"f6940f3\" data-element_type=\"section\" data-e-type=\"section\" data-settings=\"{&quot;ekit_has_onepagescroll_dot&quot;:&quot;yes&quot;}\">\n\t\t\t\t\t\t<div class=\"elementor-container elementor-column-gap-default\">\n\t\t\t\t\t<div class=\"elementor-column elementor-col-100 elementor-top-column elementor-element elementor-element-944e8e6\" data-id=\"944e8e6\" data-element_type=\"column\" data-e-type=\"column\">\n\t\t\t<div class=\"elementor-widget-wrap elementor-element-populated\">\n\t\t\t\t\t\t<div class=\"elementor-element elementor-element-1f20e99a elementor-widget elementor-widget-heading\" data-id=\"1f20e99a\" data-element_type=\"widget\" data-e-type=\"widget\" data-settings=\"{&quot;ekit_we_effect_on&quot;:&quot;none&quot;}\" data-widget_type=\"heading.default\">\n\t\t\t\t<div class=\"elementor-widget-container\">\n\t\t\t\t\t<h1 class=\"elementor-heading-title elementor-size-default\">Job offer<\/h1>\t\t\t\t<\/div>\n\t\t\t\t<\/div>\n\t\t\t\t<div class=\"elementor-element elementor-element-48ac0744 elementor-widget__width-auto elementor-widget-divider--view-line elementor-widget elementor-widget-divider\" data-id=\"48ac0744\" data-element_type=\"widget\" data-e-type=\"widget\" data-settings=\"{&quot;ekit_we_effect_on&quot;:&quot;none&quot;}\" data-widget_type=\"divider.default\">\n\t\t\t\t<div class=\"elementor-widget-container\">\n\t\t\t\t\t\t\t<div class=\"elementor-divider\">\n\t\t\t<span class=\"elementor-divider-separator\">\n\t\t\t\t\t\t<\/span>\n\t\t<\/div>\n\t\t\t\t\t\t<\/div>\n\t\t\t\t<\/div>\n\t\t\t\t<div class=\"elementor-element elementor-element-74458cf5 elementor-widget__width-auto elementor-widget-divider--view-line elementor-widget elementor-widget-divider\" data-id=\"74458cf5\" data-element_type=\"widget\" data-e-type=\"widget\" data-settings=\"{&quot;ekit_we_effect_on&quot;:&quot;none&quot;}\" data-widget_type=\"divider.default\">\n\t\t\t\t<div class=\"elementor-widget-container\">\n\t\t\t\t\t\t\t<div class=\"elementor-divider\">\n\t\t\t<span class=\"elementor-divider-separator\">\n\t\t\t\t\t\t<\/span>\n\t\t<\/div>\n\t\t\t\t\t\t<\/div>\n\t\t\t\t<\/div>\n\t\t\t\t\t<\/div>\n\t\t<\/div>\n\t\t\t\t\t<\/div>\n\t\t<\/section>\n\t\t\t\t<section class=\"elementor-section elementor-top-section elementor-element elementor-element-71856a81 elementor-section-boxed elementor-section-height-default elementor-section-height-default\" data-id=\"71856a81\" data-element_type=\"section\" data-e-type=\"section\" data-settings=\"{&quot;ekit_has_onepagescroll_dot&quot;:&quot;yes&quot;}\">\n\t\t\t\t\t\t<div class=\"elementor-container elementor-column-gap-default\">\n\t\t\t\t\t<div class=\"elementor-column elementor-col-100 elementor-top-column elementor-element elementor-element-5ed7df4e\" data-id=\"5ed7df4e\" data-element_type=\"column\" data-e-type=\"column\">\n\t\t\t<div class=\"elementor-widget-wrap elementor-element-populated\">\n\t\t\t\t\t\t<div class=\"elementor-element elementor-element-653758c0 elementor-widget elementor-widget-text-editor\" data-id=\"653758c0\" data-element_type=\"widget\" data-e-type=\"widget\" data-settings=\"{&quot;ekit_we_effect_on&quot;:&quot;none&quot;}\" data-widget_type=\"text-editor.default\">\n\t\t\t\t<div class=\"elementor-widget-container\">\n\t\t\t\t\t\t\t\t\t<p>Due to our continuous development, we are looking for candidates for the following positions:<\/p>\t\t\t\t\t\t\t\t<\/div>\n\t\t\t\t<\/div>\n\t\t\t\t<div class=\"elementor-element elementor-element-6a4b7eef elementor-widget elementor-widget-accordion\" data-id=\"6a4b7eef\" data-element_type=\"widget\" data-e-type=\"widget\" data-settings=\"{&quot;ekit_we_effect_on&quot;:&quot;none&quot;}\" data-widget_type=\"accordion.default\">\n\t\t\t\t<div class=\"elementor-widget-container\">\n\t\t\t\t\t\t\t<div class=\"elementor-accordion\">\n\t\t\t\t\t\t\t<div class=\"elementor-accordion-item\">\n\t\t\t\t\t<div id=\"elementor-tab-title-1781\" class=\"elementor-tab-title\" data-tab=\"1\" role=\"button\" aria-controls=\"elementor-tab-content-1781\" aria-expanded=\"false\">\n\t\t\t\t\t\t\t\t\t\t\t\t\t<span class=\"elementor-accordion-icon elementor-accordion-icon-right\" aria-hidden=\"true\">\n\t\t\t\t\t\t\t\t\t\t\t\t\t\t\t<span class=\"elementor-accordion-icon-closed\"><i class=\"fas fa-angle-down\"><\/i><\/span>\n\t\t\t\t\t\t\t\t<span class=\"elementor-accordion-icon-opened\"><i class=\"fas fa-angle-up\"><\/i><\/span>\n\t\t\t\t\t\t\t\t\t\t\t\t\t\t<\/span>\n\t\t\t\t\t\t\t\t\t\t\t\t<a class=\"elementor-accordion-title\" tabindex=\"0\">Automation engineer<\/a>\n\t\t\t\t\t<\/div>\n\t\t\t\t\t<div id=\"elementor-tab-content-1781\" class=\"elementor-tab-content elementor-clearfix\" data-tab=\"1\" role=\"region\" aria-labelledby=\"elementor-tab-title-1781\"><p><strong>Job description<\/strong><\/p><ul><li>Design works including:<ul><li>Developing concepts of control systems<\/li><li>Selecting software and hardware technical solutions<\/li><li>Creating documentation<\/li><\/ul><\/li><li>Supervising the implementation of design, execution, and commissioning tasks<\/li><li>Programming PLC controllers, HMI panels, and SCADA systems<\/li><\/ul><p><strong>Expectations:<\/strong><\/p><ul><li>Higher technical education (automation, mechatronics, computer science, robotics, electrical engineering)<\/li><li>A minimum of 3 years of experience in working on a similar position<\/li><li>Understanding control systems<\/li><li>Understanding how to read electrical diagrams<\/li><li>Ability to work in a team<\/li><li>English language skills<\/li><li>Commitment, availability, openness to technical innovations<\/li><li>Driver's license - category B<\/li><\/ul><p><strong>Advantages:<\/strong><\/p><ul><li>Understanding Siemens, Allen Bradley, Mitsubishi, and Omron control systems<\/li><li>Understanding SCADA Wonderware or WinCC platforms<\/li><li>Understanding standards and protocols of industrial networks<\/li><li>Understanding standards and solutions concerning drive technology (inverters, servo drives)<\/li><li>Ability to work in the ePlan P8 software<\/li><li>SEP G1 qualifications in the scope of E\/D up to 1kV<\/li><\/ul><p><strong>We offer:<\/strong><\/p><ul><li>Stable employment in a company with an established position on the market<\/li><li>Friendly atmosphere<\/li><li>Flexible work system tailored to individual needs<\/li><li>Attractive salary with an incentive bonus system<\/li><li>Participation in professional industry training<\/li><li>Access to professional development tools<\/li><li>The possibility of development and training in the field of modern control techniques<\/li><\/ul><\/div>\n\t\t\t\t<\/div>\n\t\t\t\t\t\t\t<div class=\"elementor-accordion-item\">\n\t\t\t\t\t<div id=\"elementor-tab-title-1782\" class=\"elementor-tab-title\" data-tab=\"2\" role=\"button\" aria-controls=\"elementor-tab-content-1782\" aria-expanded=\"false\">\n\t\t\t\t\t\t\t\t\t\t\t\t\t<span class=\"elementor-accordion-icon elementor-accordion-icon-right\" aria-hidden=\"true\">\n\t\t\t\t\t\t\t\t\t\t\t\t\t\t\t<span class=\"elementor-accordion-icon-closed\"><i class=\"fas fa-angle-down\"><\/i><\/span>\n\t\t\t\t\t\t\t\t<span class=\"elementor-accordion-icon-opened\"><i class=\"fas fa-angle-up\"><\/i><\/span>\n\t\t\t\t\t\t\t\t\t\t\t\t\t\t<\/span>\n\t\t\t\t\t\t\t\t\t\t\t\t<a class=\"elementor-accordion-title\" tabindex=\"0\">Engineer constructor<\/a>\n\t\t\t\t\t<\/div>\n\t\t\t\t\t<div id=\"elementor-tab-content-1782\" class=\"elementor-tab-content elementor-clearfix\" data-tab=\"2\" role=\"region\" aria-labelledby=\"elementor-tab-title-1782\"><p><strong>Job description<\/strong><\/p><ul><li>Design works including:<ul><li>Developing concepts for mechanical solutions of machines and devices<\/li><li>Designing and creating structural models<\/li><li>Creating executive documentation<\/li><\/ul><\/li><li>Supervision over the stage of execution, assembly, and implementation<\/li><li>Ensuring the compliance of solutions with industry standards and requirements<\/li><li>Cross-industry cooperation with specialists from other areas<\/li><li>Technical support at the offer stage<\/li><\/ul><p><strong>Expectations:<\/strong><\/p><ul><li>Higher technical education<\/li><li>A minimum of 3 years of experience in working on a similar position<\/li><li>Understanding CAD, NX CAD, or SolidWorks software<\/li><li>Fluency in reading and creating technical drawings<\/li><li>Understanding the principles of creating technical and executive documentation<\/li><li>Knowledge concerning machine construction<\/li><li>Ability to work in a team<\/li><li>English at a communicative level<\/li><li>Commitment, availability, openness to technical innovations<\/li><li>Driver's license category B<\/li><\/ul><p><strong>Mile widziane:<\/strong><\/p><ul><li>Znajomo\u015b\u0107 zagadnie\u0144 bezpiecze\u0144stwa maszyn i proces\u00f3w produkcyjnych<\/li><li>Wiedza z zakresu automatyki, pneumatyki<\/li><li>Umiej\u0119tno\u015b\u0107 tworzenia dokumentacji zgodnie z wymaganiami bran\u017cowymi<\/li><\/ul><p><strong>We offer:<\/strong><\/p><ul><li>Stable employment in a company with an established position on the market<\/li><li>Friendly atmosphere<\/li><li>Flexible work system tailored to individual needs<\/li><li>Attractive salary with an incentive bonus system<\/li><\/ul><\/div>\n\t\t\t\t<\/div>\n\t\t\t\t\t\t\t\t<\/div>\n\t\t\t\t\t\t<\/div>\n\t\t\t\t<\/div>\n\t\t\t\t<div class=\"elementor-element elementor-element-3be55e1 elementor-widget elementor-widget-text-editor\" data-id=\"3be55e1\" data-element_type=\"widget\" data-e-type=\"widget\" data-settings=\"{&quot;ekit_we_effect_on&quot;:&quot;none&quot;}\" data-widget_type=\"text-editor.default\">\n\t\t\t\t<div class=\"elementor-widget-container\">\n\t\t\t\t\t\t\t\t\t<p>Zapraszamy do aplikowania na adres mailowy: biuro@advantec.pro<\/p>\t\t\t\t\t\t\t\t<\/div>\n\t\t\t\t<\/div>\n\t\t\t\t\t<\/div>\n\t\t<\/div>\n\t\t\t\t\t<\/div>\n\t\t<\/section>\n\t\t\t\t<\/div>","protected":false},"excerpt":{"rendered":"<p>Kariera Oferty pracy W zwi\u0105zku z ci\u0105g\u0142ym rozwojem poszukujemy kandydat\u00f3w na stanowiska: In\u017cynier automatyk Opis stanowiska: Prace projektowe obejmuj\u0105ce: Opracowywanie koncepcji system\u00f3w sterowania Dob\u00f3r programistycznych i sprz\u0119towych rozwi\u0105za\u0144 technicznych Tworzenie dokumentacji Nadz\u00f3r nad realizacj\u0105 zada\u0144 projektowych, wdro\u017ceniowych i uruchomieniowych Programowanie sterownik\u00f3w PLC, paneli HMI oraz system\u00f3w SCADA Oczekiwania: Wykszta\u0142cenie wy\u017csze techniczne (automatyka, mechatronika, informatyka, robotyka, [&hellip;]<\/p>\n","protected":false},"author":1,"featured_media":0,"parent":0,"menu_order":0,"comment_status":"closed","ping_status":"closed","template":"elementor_header_footer","meta":{"footnotes":""},"class_list":["post-19","page","type-page","status-publish","hentry"],"yoast_head":"<!-- This site is optimized with the Yoast SEO Premium plugin v23.6 (Yoast SEO v27.5) - https:\/\/yoast.com\/product\/yoast-seo-premium-wordpress\/ -->\n<title>Kariera \ud83d\ude00<\/title>\n<meta name=\"description\" content=\"W zwi\u0105zku z ci\u0105g\u0142ym rozwojem poszukujemy kandydat\u00f3w na stanowiska: In\u017cynier automatyk, In\u017cynier konstruktor.\" \/>\n<meta name=\"robots\" content=\"index, follow, max-snippet:-1, max-image-preview:large, max-video-preview:-1\" \/>\n<link rel=\"canonical\" href=\"https:\/\/advantec.pro\/en\/kariera-w-firmie-advantec-pro\/\" \/>\n<meta property=\"og:locale\" content=\"en_GB\" \/>\n<meta property=\"og:type\" content=\"article\" \/>\n<meta property=\"og:title\" content=\"Advantec Micha\u0142 Rak - Kariera\" \/>\n<meta property=\"og:description\" content=\"W zwi\u0105zku z ci\u0105g\u0142ym rozwojem poszukujemy kandydat\u00f3w na stanowiska: In\u017cynier automatyk, In\u017cynier konstruktor.\" \/>\n<meta property=\"og:url\" content=\"https:\/\/advantec.pro\/en\/kariera-w-firmie-advantec-pro\/\" \/>\n<meta property=\"og:site_name\" content=\"Traceability, KEPServerEX, PLC, SCADA,TANI - Advantec Pro\" \/>\n<meta property=\"article:modified_time\" content=\"2024-11-15T11:58:24+00:00\" \/>\n<meta property=\"og:image\" content=\"https:\/\/advantec.pro\/wp-content\/uploads\/2022\/03\/img2.png\" \/>\n\t<meta property=\"og:image:width\" content=\"1254\" \/>\n\t<meta property=\"og:image:height\" content=\"418\" \/>\n\t<meta property=\"og:image:type\" content=\"image\/png\" \/>\n<meta name=\"twitter:card\" content=\"summary_large_image\" \/>\n<meta name=\"twitter:title\" content=\"Advantec Micha\u0142 Rak - Kariera\" \/>\n<meta name=\"twitter:description\" content=\"W zwi\u0105zku z ci\u0105g\u0142ym rozwojem poszukujemy kandydat\u00f3w na stanowiska: In\u017cynier automatyk, In\u017cynier konstruktor.\" \/>\n<meta name=\"twitter:image\" content=\"https:\/\/advantec.pro\/wp-content\/uploads\/2022\/03\/img2.png\" \/>\n<meta name=\"twitter:label1\" content=\"Estimated reading time\" \/>\n\t<meta name=\"twitter:data1\" content=\"3 minutes\" \/>\n<script type=\"application\/ld+json\" class=\"yoast-schema-graph\">{\"@context\":\"https:\\\/\\\/schema.org\",\"@graph\":[{\"@type\":\"WebPage\",\"@id\":\"https:\\\/\\\/advantec.pro\\\/kariera-w-firmie-advantec-pro\\\/\",\"url\":\"https:\\\/\\\/advantec.pro\\\/kariera-w-firmie-advantec-pro\\\/\",\"name\":\"Kariera \ud83d\ude00\",\"isPartOf\":{\"@id\":\"https:\\\/\\\/advantec.pro\\\/#website\"},\"datePublished\":\"2022-02-24T10:23:05+00:00\",\"dateModified\":\"2024-11-15T11:58:24+00:00\",\"description\":\"W zwi\u0105zku z ci\u0105g\u0142ym rozwojem poszukujemy kandydat\u00f3w na stanowiska: In\u017cynier automatyk, In\u017cynier konstruktor.\",\"breadcrumb\":{\"@id\":\"https:\\\/\\\/advantec.pro\\\/kariera-w-firmie-advantec-pro\\\/#breadcrumb\"},\"inLanguage\":\"en-GB\",\"potentialAction\":[{\"@type\":\"ReadAction\",\"target\":[\"https:\\\/\\\/advantec.pro\\\/kariera-w-firmie-advantec-pro\\\/\"]}]},{\"@type\":\"BreadcrumbList\",\"@id\":\"https:\\\/\\\/advantec.pro\\\/kariera-w-firmie-advantec-pro\\\/#breadcrumb\",\"itemListElement\":[{\"@type\":\"ListItem\",\"position\":1,\"name\":\"Strona g\u0142\u00f3wna\",\"item\":\"https:\\\/\\\/advantec.pro\\\/pl\\\/\"},{\"@type\":\"ListItem\",\"position\":2,\"name\":\"Kariera\"}]},{\"@type\":\"WebSite\",\"@id\":\"https:\\\/\\\/advantec.pro\\\/#website\",\"url\":\"https:\\\/\\\/advantec.pro\\\/\",\"name\":\"Traceability, KEPServerEX, PLC, SCADA,TANI - Advantec Pro\",\"description\":\"Automatyzacja i robotyzacja proces\u00f3w przemys\u0142owych\",\"publisher\":{\"@id\":\"https:\\\/\\\/advantec.pro\\\/#organization\"},\"potentialAction\":[{\"@type\":\"SearchAction\",\"target\":{\"@type\":\"EntryPoint\",\"urlTemplate\":\"https:\\\/\\\/advantec.pro\\\/?s={search_term_string}\"},\"query-input\":{\"@type\":\"PropertyValueSpecification\",\"valueRequired\":true,\"valueName\":\"search_term_string\"}}],\"inLanguage\":\"en-GB\"},{\"@type\":\"Organization\",\"@id\":\"https:\\\/\\\/advantec.pro\\\/#organization\",\"name\":\"Advantec PRO\",\"url\":\"https:\\\/\\\/advantec.pro\\\/\",\"logo\":{\"@type\":\"ImageObject\",\"inLanguage\":\"en-GB\",\"@id\":\"https:\\\/\\\/advantec.pro\\\/#\\\/schema\\\/logo\\\/image\\\/\",\"url\":\"https:\\\/\\\/advantec.pro\\\/wp-content\\\/uploads\\\/2022\\\/02\\\/ADVANTECPRO.png\",\"contentUrl\":\"https:\\\/\\\/advantec.pro\\\/wp-content\\\/uploads\\\/2022\\\/02\\\/ADVANTECPRO.png\",\"width\":1360,\"height\":228,\"caption\":\"Advantec PRO\"},\"image\":{\"@id\":\"https:\\\/\\\/advantec.pro\\\/#\\\/schema\\\/logo\\\/image\\\/\"},\"publishingPrinciples\":\"https:\\\/\\\/advantec.pro\\\/automatyka-przemyslowa-2\\\/\",\"ownershipFundingInfo\":\"https:\\\/\\\/advantec.pro\\\/oferta\\\/\"}]}<\/script>\n<!-- \/ Yoast SEO Premium plugin. -->","yoast_head_json":{"title":"Kariera \ud83d\ude00","description":"W zwi\u0105zku z ci\u0105g\u0142ym rozwojem poszukujemy kandydat\u00f3w na stanowiska: In\u017cynier automatyk, In\u017cynier konstruktor.","robots":{"index":"index","follow":"follow","max-snippet":"max-snippet:-1","max-image-preview":"max-image-preview:large","max-video-preview":"max-video-preview:-1"},"canonical":"https:\/\/advantec.pro\/en\/kariera-w-firmie-advantec-pro\/","og_locale":"en_GB","og_type":"article","og_title":"Advantec Micha\u0142 Rak - Kariera","og_description":"W zwi\u0105zku z ci\u0105g\u0142ym rozwojem poszukujemy kandydat\u00f3w na stanowiska: In\u017cynier automatyk, In\u017cynier konstruktor.","og_url":"https:\/\/advantec.pro\/en\/kariera-w-firmie-advantec-pro\/","og_site_name":"Traceability, KEPServerEX, PLC, SCADA,TANI - Advantec Pro","article_modified_time":"2024-11-15T11:58:24+00:00","og_image":[{"width":1254,"height":418,"url":"https:\/\/advantec.pro\/wp-content\/uploads\/2022\/03\/img2.png","type":"image\/png"}],"twitter_card":"summary_large_image","twitter_title":"Advantec Micha\u0142 Rak - Kariera","twitter_description":"W zwi\u0105zku z ci\u0105g\u0142ym rozwojem poszukujemy kandydat\u00f3w na stanowiska: In\u017cynier automatyk, In\u017cynier konstruktor.","twitter_image":"https:\/\/advantec.pro\/wp-content\/uploads\/2022\/03\/img2.png","twitter_misc":{"Estimated reading time":"3 minutes"},"schema":{"@context":"https:\/\/schema.org","@graph":[{"@type":"WebPage","@id":"https:\/\/advantec.pro\/kariera-w-firmie-advantec-pro\/","url":"https:\/\/advantec.pro\/kariera-w-firmie-advantec-pro\/","name":"Kariera \ud83d\ude00","isPartOf":{"@id":"https:\/\/advantec.pro\/#website"},"datePublished":"2022-02-24T10:23:05+00:00","dateModified":"2024-11-15T11:58:24+00:00","description":"W zwi\u0105zku z ci\u0105g\u0142ym rozwojem poszukujemy kandydat\u00f3w na stanowiska: In\u017cynier automatyk, In\u017cynier konstruktor.","breadcrumb":{"@id":"https:\/\/advantec.pro\/kariera-w-firmie-advantec-pro\/#breadcrumb"},"inLanguage":"en-GB","potentialAction":[{"@type":"ReadAction","target":["https:\/\/advantec.pro\/kariera-w-firmie-advantec-pro\/"]}]},{"@type":"BreadcrumbList","@id":"https:\/\/advantec.pro\/kariera-w-firmie-advantec-pro\/#breadcrumb","itemListElement":[{"@type":"ListItem","position":1,"name":"Strona g\u0142\u00f3wna","item":"https:\/\/advantec.pro\/pl\/"},{"@type":"ListItem","position":2,"name":"Kariera"}]},{"@type":"WebSite","@id":"https:\/\/advantec.pro\/#website","url":"https:\/\/advantec.pro\/","name":"Traceability, KEPServerEX, PLC, SCADA,TANI - Advantec Pro","description":"Automation and robotization of industrial processes","publisher":{"@id":"https:\/\/advantec.pro\/#organization"},"potentialAction":[{"@type":"SearchAction","target":{"@type":"EntryPoint","urlTemplate":"https:\/\/advantec.pro\/?s={search_term_string}"},"query-input":{"@type":"PropertyValueSpecification","valueRequired":true,"valueName":"search_term_string"}}],"inLanguage":"en-GB"},{"@type":"Organization","@id":"https:\/\/advantec.pro\/#organization","name":"Advantec PRO","url":"https:\/\/advantec.pro\/","logo":{"@type":"ImageObject","inLanguage":"en-GB","@id":"https:\/\/advantec.pro\/#\/schema\/logo\/image\/","url":"https:\/\/advantec.pro\/wp-content\/uploads\/2022\/02\/ADVANTECPRO.png","contentUrl":"https:\/\/advantec.pro\/wp-content\/uploads\/2022\/02\/ADVANTECPRO.png","width":1360,"height":228,"caption":"Advantec PRO"},"image":{"@id":"https:\/\/advantec.pro\/#\/schema\/logo\/image\/"},"publishingPrinciples":"https:\/\/advantec.pro\/automatyka-przemyslowa-2\/","ownershipFundingInfo":"https:\/\/advantec.pro\/oferta\/"}]}},"_links":{"self":[{"href":"https:\/\/advantec.pro\/en\/wp-json\/wp\/v2\/pages\/19","targetHints":{"allow":["GET"]}}],"collection":[{"href":"https:\/\/advantec.pro\/en\/wp-json\/wp\/v2\/pages"}],"about":[{"href":"https:\/\/advantec.pro\/en\/wp-json\/wp\/v2\/types\/page"}],"author":[{"embeddable":true,"href":"https:\/\/advantec.pro\/en\/wp-json\/wp\/v2\/users\/1"}],"replies":[{"embeddable":true,"href":"https:\/\/advantec.pro\/en\/wp-json\/wp\/v2\/comments?post=19"}],"version-history":[{"count":44,"href":"https:\/\/advantec.pro\/en\/wp-json\/wp\/v2\/pages\/19\/revisions"}],"predecessor-version":[{"id":1938,"href":"https:\/\/advantec.pro\/en\/wp-json\/wp\/v2\/pages\/19\/revisions\/1938"}],"wp:attachment":[{"href":"https:\/\/advantec.pro\/en\/wp-json\/wp\/v2\/media?parent=19"}],"curies":[{"name":"wp","href":"https:\/\/api.w.org\/{rel}","templated":true}]}}